{"id":16525,"date":"2022-08-10T10:52:33","date_gmt":"2022-08-10T10:52:33","guid":{"rendered":"https:\/\/scopus.fr\/area-do-cliente\/"},"modified":"2025-01-27T16:02:44","modified_gmt":"2025-01-27T16:02:44","slug":"area-do-cliente","status":"publish","type":"page","link":"https:\/\/scopus.fr\/pt-pt\/area-do-cliente\/","title":{"rendered":"\u00c1rea do cliente"},"content":{"rendered":"\t\t<div data-elementor-type=\"wp-page\" data-elementor-id=\"16525\" class=\"elementor elementor-16525 elementor-2194\" data-elementor-post-type=\"page\">\n\t\t\t\t\t\t<section class=\"elementor-section elementor-top-section elementor-element elementor-element-466267e1 elementor-section-boxed elementor-section-height-default elementor-section-height-default\" data-id=\"466267e1\" data-element_type=\"section\" data-e-type=\"section\" data-settings=\"{&quot;background_background&quot;:&quot;classic&quot;}\">\n\t\t\t\t\t\t\t<div class=\"elementor-background-overlay\"><\/div>\n\t\t\t\t\t\t\t<div class=\"elementor-container elementor-column-gap-custom\">\n\t\t\t\t\t<div class=\"elementor-column elementor-col-100 elementor-top-column elementor-element elementor-element-52a32b9b\" data-id=\"52a32b9b\" data-element_type=\"column\" data-e-type=\"column\">\n\t\t\t<div class=\"elementor-widget-wrap elementor-element-populated\">\n\t\t\t\t\t\t<div class=\"elementor-element elementor-element-666114e4 elementor-widget elementor-widget-breadcrumbs\" data-id=\"666114e4\" data-element_type=\"widget\" data-e-type=\"widget\" data-widget_type=\"breadcrumbs.default\">\n\t\t\t\t\t<p id=\"breadcrumbs\"><span><span><a href=\"https:\/\/scopus.fr\/pt-pt\/\">Accueil<\/a><\/span><\/span><\/p>\t\t\t\t<\/div>\n\t\t\t\t<div class=\"elementor-element elementor-element-4f243cac elementor-widget elementor-widget-heading\" data-id=\"4f243cac\" data-element_type=\"widget\" data-e-type=\"widget\" data-widget_type=\"heading.default\">\n\t\t\t\t\t<h1 class=\"elementor-heading-title elementor-size-default\">\u00c1rea do cliente<\/h1>\t\t\t\t<\/div>\n\t\t\t\t<div class=\"elementor-element elementor-element-1fbfa5a1 elementor-widget__width-initial elementor-widget elementor-widget-text-editor\" data-id=\"1fbfa5a1\" data-element_type=\"widget\" data-e-type=\"widget\" data-widget_type=\"text-editor.default\">\n\t\t\t\t\t\t\t\t\t<p>Liga-te \u00e0s ferramentas SCOPUS!<\/p>\n\t\t\t\t\t\t\t\t<\/div>\n\t\t\t\t\t<\/div>\n\t\t<\/div>\n\t\t\t\t\t<\/div>\n\t\t<\/section>\n\t\t\t\t<section class=\"elementor-section elementor-top-section elementor-element elementor-element-0cd5ea5 elementor-section-boxed elementor-section-height-default elementor-section-height-default\" data-id=\"0cd5ea5\" data-element_type=\"section\" data-e-type=\"section\">\n\t\t\t\t\t\t<div class=\"elementor-container elementor-column-gap-custom\">\n\t\t\t\t\t<div class=\"elementor-column elementor-col-33 elementor-top-column elementor-element elementor-element-55c1f7e\" data-id=\"55c1f7e\" data-element_type=\"column\" data-e-type=\"column\" data-settings=\"{&quot;background_background&quot;:&quot;classic&quot;}\">\n\t\t\t<div class=\"elementor-widget-wrap elementor-element-populated\">\n\t\t\t\t\t\t<div class=\"elementor-element elementor-element-39c994e elementor-cta--skin-cover elementor-animated-content elementor-bg-transform elementor-bg-transform-zoom-in elementor-widget elementor-widget-call-to-action\" data-id=\"39c994e\" data-element_type=\"widget\" data-e-type=\"widget\" data-widget_type=\"call-to-action.default\">\n\t\t\t\t\t\t\t<div class=\"elementor-cta\">\n\t\t\t\t\t<div class=\"elementor-cta__bg-wrapper\">\n\t\t\t\t<div class=\"elementor-cta__bg elementor-bg\" style=\"background-image: url(https:\/\/scopus.fr\/wp-content\/uploads\/2022\/10\/transfert-securise.jpg);\" role=\"img\" aria-label=\"Scopus transfert : le transfert s\u00e9curis\u00e9 de fichiers pour vos badges\"><\/div>\n\t\t\t\t<div class=\"elementor-cta__bg-overlay\"><\/div>\n\t\t\t<\/div>\n\t\t\t\t\t\t\t<div class=\"elementor-cta__content\">\n\t\t\t\t\t\t\t\t\t<div class=\"elementor-content-item elementor-cta__content-item elementor-icon-wrapper elementor-cta__icon elementor-view-framed elementor-shape-circle elementor-animated-item--grow\">\n\t\t\t\t\t\t<div class=\"elementor-icon\">\n\t\t\t\t\t\t\t<svg aria-hidden=\"true\" class=\"e-font-icon-svg e-fas-network-wired\" viewBox=\"0 0 640 512\" xmlns=\"http:\/\/www.w3.org\/2000\/svg\"><path d=\"M640 264v-16c0-8.84-7.16-16-16-16H344v-40h72c17.67 0 32-14.33 32-32V32c0-17.67-14.33-32-32-32H224c-17.67 0-32 14.33-32 32v128c0 17.67 14.33 32 32 32h72v40H16c-8.84 0-16 7.16-16 16v16c0 8.84 7.16 16 16 16h104v40H64c-17.67 0-32 14.33-32 32v128c0 17.67 14.33 32 32 32h160c17.67 0 32-14.33 32-32V352c0-17.67-14.33-32-32-32h-56v-40h304v40h-56c-17.67 0-32 14.33-32 32v128c0 17.67 14.33 32 32 32h160c17.67 0 32-14.33 32-32V352c0-17.67-14.33-32-32-32h-56v-40h104c8.84 0 16-7.16 16-16zM256 128V64h128v64H256zm-64 320H96v-64h96v64zm352 0h-96v-64h96v64z\"><\/path><\/svg>\t\t\t\t\t\t<\/div>\n\t\t\t\t\t<\/div>\n\t\t\t\t\n\t\t\t\t\t\t\t\t\t<h2 class=\"elementor-cta__title elementor-cta__content-item elementor-content-item elementor-animated-item--grow\">\n\t\t\t\t\t\tTransfer\u00eancia segura\t\t\t\t\t<\/h2>\n\t\t\t\t\n\t\t\t\t\t\t\t\t\t<div class=\"elementor-cta__description elementor-cta__content-item elementor-content-item elementor-animated-item--grow\">\n\t\t\t\t\t\t<p>Carrega os teus ficheiros de forma segura<\/p>\n\t\t\t\t\t<\/div>\n\t\t\t\t\n\t\t\t\t\t\t\t\t\t<div class=\"elementor-cta__button-wrapper elementor-cta__content-item elementor-content-item elementor-animated-item--grow\">\n\t\t\t\t\t<a class=\"elementor-cta__button elementor-button elementor-size-\" href=\"https:\/\/transfert.scopus.fr\/\" target=\"_blank\">\n\t\t\t\t\t\tACESSO\t\t\t\t\t<\/a>\n\t\t\t\t\t<\/div>\n\t\t\t\t\t\t\t<\/div>\n\t\t\t\t\t\t<\/div>\n\t\t\t\t\t\t<\/div>\n\t\t\t\t\t<\/div>\n\t\t<\/div>\n\t\t\t\t<div class=\"elementor-column elementor-col-33 elementor-top-column elementor-element elementor-element-c144e59\" data-id=\"c144e59\" data-element_type=\"column\" data-e-type=\"column\">\n\t\t\t<div class=\"elementor-widget-wrap elementor-element-populated\">\n\t\t\t\t\t\t<div class=\"elementor-element elementor-element-cb600f0 elementor-cta--skin-cover elementor-animated-content elementor-bg-transform elementor-bg-transform-zoom-in elementor-widget elementor-widget-call-to-action\" data-id=\"cb600f0\" data-element_type=\"widget\" data-e-type=\"widget\" data-widget_type=\"call-to-action.default\">\n\t\t\t\t\t\t\t<div class=\"elementor-cta\">\n\t\t\t\t\t<div class=\"elementor-cta__bg-wrapper\">\n\t\t\t\t<div class=\"elementor-cta__bg elementor-bg\" style=\"background-image: url(https:\/\/scopus.fr\/wp-content\/uploads\/2022\/10\/INCOSERVICE-espace-client.jpg);\" role=\"img\" aria-label=\"Service apr\u00e8s vente Scopus disponible tous les jours, 24\/24h.\"><\/div>\n\t\t\t\t<div class=\"elementor-cta__bg-overlay\"><\/div>\n\t\t\t<\/div>\n\t\t\t\t\t\t\t<div class=\"elementor-cta__content\">\n\t\t\t\t\t\t\t\t\t<div class=\"elementor-content-item elementor-cta__content-item elementor-icon-wrapper elementor-cta__icon elementor-view-framed elementor-shape-circle elementor-animated-item--grow\">\n\t\t\t\t\t\t<div class=\"elementor-icon\">\n\t\t\t\t\t\t\t<svg aria-hidden=\"true\" class=\"e-font-icon-svg e-far-life-ring\" viewBox=\"0 0 512 512\" xmlns=\"http:\/\/www.w3.org\/2000\/svg\"><path d=\"M256 504c136.967 0 248-111.033 248-248S392.967 8 256 8 8 119.033 8 256s111.033 248 248 248zm-103.398-76.72l53.411-53.411c31.806 13.506 68.128 13.522 99.974 0l53.411 53.411c-63.217 38.319-143.579 38.319-206.796 0zM336 256c0 44.112-35.888 80-80 80s-80-35.888-80-80 35.888-80 80-80 80 35.888 80 80zm91.28 103.398l-53.411-53.411c13.505-31.806 13.522-68.128 0-99.974l53.411-53.411c38.319 63.217 38.319 143.579 0 206.796zM359.397 84.72l-53.411 53.411c-31.806-13.505-68.128-13.522-99.973 0L152.602 84.72c63.217-38.319 143.579-38.319 206.795 0zM84.72 152.602l53.411 53.411c-13.506 31.806-13.522 68.128 0 99.974L84.72 359.398c-38.319-63.217-38.319-143.579 0-206.796z\"><\/path><\/svg>\t\t\t\t\t\t<\/div>\n\t\t\t\t\t<\/div>\n\t\t\t\t\n\t\t\t\t\t\t\t\t\t<h2 class=\"elementor-cta__title elementor-cta__content-item elementor-content-item elementor-animated-item--grow\">\n\t\t\t\t\t\tSERVI\u00c7O P\u00d3S-VENDA\t\t\t\t\t<\/h2>\n\t\t\t\t\n\t\t\t\t\t\t\t\t\t<div class=\"elementor-cta__description elementor-cta__content-item elementor-content-item elementor-animated-item--grow\">\n\t\t\t\t\t\t<p>Acess\u00edvel em perman\u00eancia atrav\u00e9s da nossa plataforma<\/p>\n\t\t\t\t\t<\/div>\n\t\t\t\t\n\t\t\t\t\t\t\t\t\t<div class=\"elementor-cta__button-wrapper elementor-cta__content-item elementor-content-item elementor-animated-item--grow\">\n\t\t\t\t\t<a class=\"elementor-cta__button elementor-button elementor-size-\" href=\"https:\/\/sav.scopus.fr\/Account\/Login?ReturnUrl=%2f\" target=\"_blank\">\n\t\t\t\t\t\tVai para\t\t\t\t\t<\/a>\n\t\t\t\t\t<\/div>\n\t\t\t\t\t\t\t<\/div>\n\t\t\t\t\t\t<\/div>\n\t\t\t\t\t\t<\/div>\n\t\t\t\t\t<\/div>\n\t\t<\/div>\n\t\t\t\t<div class=\"elementor-column elementor-col-33 elementor-top-column elementor-element elementor-element-6386d80\" data-id=\"6386d80\" data-element_type=\"column\" data-e-type=\"column\">\n\t\t\t<div class=\"elementor-widget-wrap elementor-element-populated\">\n\t\t\t\t\t\t<div class=\"elementor-element elementor-element-8be6252 elementor-cta--skin-cover elementor-animated-content elementor-bg-transform elementor-bg-transform-zoom-in elementor-widget elementor-widget-call-to-action\" data-id=\"8be6252\" data-element_type=\"widget\" data-e-type=\"widget\" data-widget_type=\"call-to-action.default\">\n\t\t\t\t\t\t\t<div class=\"elementor-cta\">\n\t\t\t\t\t<div class=\"elementor-cta__bg-wrapper\">\n\t\t\t\t<div class=\"elementor-cta__bg elementor-bg\" style=\"background-image: url(https:\/\/scopus.fr\/wp-content\/uploads\/2023\/02\/prise-en-main-distance-1.jpg);\" role=\"img\" aria-label=\"prise-en-main-distance\"><\/div>\n\t\t\t\t<div class=\"elementor-cta__bg-overlay\"><\/div>\n\t\t\t<\/div>\n\t\t\t\t\t\t\t<div class=\"elementor-cta__content\">\n\t\t\t\t\t\t\t\t\t<div class=\"elementor-content-item elementor-cta__content-item elementor-icon-wrapper elementor-cta__icon elementor-view-framed elementor-shape-circle elementor-animated-item--grow\">\n\t\t\t\t\t\t<div class=\"elementor-icon\">\n\t\t\t\t\t\t\t<svg aria-hidden=\"true\" class=\"e-font-icon-svg e-fas-mouse\" viewBox=\"0 0 384 512\" xmlns=\"http:\/\/www.w3.org\/2000\/svg\"><path d=\"M0 352a160 160 0 0 0 160 160h64a160 160 0 0 0 160-160V224H0zM176 0h-16A160 160 0 0 0 0 160v32h176zm48 0h-16v192h176v-32A160 160 0 0 0 224 0z\"><\/path><\/svg>\t\t\t\t\t\t<\/div>\n\t\t\t\t\t<\/div>\n\t\t\t\t\n\t\t\t\t\t\t\t\t\t<h2 class=\"elementor-cta__title elementor-cta__content-item elementor-content-item elementor-animated-item--grow\">\n\t\t\t\t\t\tAssist\u00eancia remota\t\t\t\t\t<\/h2>\n\t\t\t\t\n\t\t\t\t\t\t\t\t\t<div class=\"elementor-cta__description elementor-cta__content-item elementor-content-item elementor-animated-item--grow\">\n\t\t\t\t\t\t<p>Acesso ao TeamViewer para controlo remoto<\/p>\n\t\t\t\t\t<\/div>\n\t\t\t\t\n\t\t\t\t\t\t\t\t\t<div class=\"elementor-cta__button-wrapper elementor-cta__content-item elementor-content-item elementor-animated-item--grow\">\n\t\t\t\t\t<a class=\"elementor-cta__button elementor-button elementor-size-\" href=\"https:\/\/get.teamviewer.com\/scopus\" target=\"_blank\">\n\t\t\t\t\t\tVai para\t\t\t\t\t<\/a>\n\t\t\t\t\t<\/div>\n\t\t\t\t\t\t\t<\/div>\n\t\t\t\t\t\t<\/div>\n\t\t\t\t\t\t<\/div>\n\t\t\t\t\t<\/div>\n\t\t<\/div>\n\t\t\t\t\t<\/div>\n\t\t<\/section>\n\t\t\t\t<\/div>\n\t\t","protected":false},"excerpt":{"rendered":"<p>\u00c1rea do cliente Liga-te \u00e0s ferramentas SCOPUS! Transfer\u00eancia segura Carrega os teus ficheiros de forma segura ACESSO SERVI\u00c7O P\u00d3S-VENDA Acess\u00edvel em perman\u00eancia atrav\u00e9s da nossa plataforma Vai para Assist\u00eancia remota Acesso ao TeamViewer para controlo remoto Vai para<\/p>\n","protected":false},"author":1,"featured_media":0,"parent":0,"menu_order":0,"comment_status":"closed","ping_status":"closed","template":"","meta":{"_acf_changed":false,"footnotes":""},"class_list":["post-16525","page","type-page","status-publish","hentry"],"acf":[],"yoast_head":"<!-- This site is optimized with the Yoast SEO plugin v27.4 - https:\/\/yoast.com\/product\/yoast-seo-wordpress\/ -->\n<title>\u00c1rea do cliente - SCOPUS<\/title>\n<meta name=\"description\" content=\"Acesso \u00e0 plataforma segura de transfer\u00eancia de dados e ao servi\u00e7o p\u00f3s-venda para impressoras de cart\u00f5es e software.\" \/>\n<meta name=\"robots\" content=\"index, follow, max-snippet:-1, max-image-preview:large, max-video-preview:-1\" \/>\n<link rel=\"canonical\" href=\"https:\/\/scopus.fr\/pt-pt\/area-do-cliente\/\" \/>\n<meta property=\"og:locale\" content=\"pt_PT\" \/>\n<meta property=\"og:type\" content=\"article\" \/>\n<meta property=\"og:title\" content=\"\u00c1rea do cliente - SCOPUS\" \/>\n<meta property=\"og:description\" content=\"Acesso \u00e0 plataforma segura de transfer\u00eancia de dados e ao servi\u00e7o p\u00f3s-venda para impressoras de cart\u00f5es e software.\" \/>\n<meta property=\"og:url\" content=\"https:\/\/scopus.fr\/pt-pt\/area-do-cliente\/\" \/>\n<meta property=\"og:site_name\" content=\"SCOPUS\" \/>\n<meta property=\"article:modified_time\" content=\"2025-01-27T16:02:44+00:00\" \/>\n<meta name=\"twitter:card\" content=\"summary_large_image\" \/>\n<script type=\"application\/ld+json\" class=\"yoast-schema-graph\">{\"@context\":\"https:\\\/\\\/schema.org\",\"@graph\":[{\"@type\":\"WebPage\",\"@id\":\"https:\\\/\\\/scopus.fr\\\/pt-pt\\\/area-do-cliente\\\/\",\"url\":\"https:\\\/\\\/scopus.fr\\\/pt-pt\\\/area-do-cliente\\\/\",\"name\":\"\u00c1rea do cliente - SCOPUS\",\"isPartOf\":{\"@id\":\"https:\\\/\\\/scopus.fr\\\/pt-pt\\\/#website\"},\"datePublished\":\"2022-08-10T10:52:33+00:00\",\"dateModified\":\"2025-01-27T16:02:44+00:00\",\"description\":\"Acesso \u00e0 plataforma segura de transfer\u00eancia de dados e ao servi\u00e7o p\u00f3s-venda para impressoras de cart\u00f5es e software.\",\"breadcrumb\":{\"@id\":\"https:\\\/\\\/scopus.fr\\\/pt-pt\\\/area-do-cliente\\\/#breadcrumb\"},\"inLanguage\":\"pt-PT\",\"potentialAction\":[{\"@type\":\"ReadAction\",\"target\":[\"https:\\\/\\\/scopus.fr\\\/pt-pt\\\/area-do-cliente\\\/\"]}]},{\"@type\":\"BreadcrumbList\",\"@id\":\"https:\\\/\\\/scopus.fr\\\/pt-pt\\\/area-do-cliente\\\/#breadcrumb\",\"itemListElement\":[{\"@type\":\"ListItem\",\"position\":1,\"name\":\"Accueil\",\"item\":\"https:\\\/\\\/scopus.fr\\\/pt-pt\\\/\"},{\"@type\":\"ListItem\",\"position\":2,\"name\":\"\u00c1rea do cliente\"}]},{\"@type\":\"WebSite\",\"@id\":\"https:\\\/\\\/scopus.fr\\\/pt-pt\\\/#website\",\"url\":\"https:\\\/\\\/scopus.fr\\\/pt-pt\\\/\",\"name\":\"SCOPUS\",\"description\":\"Solutions d&#039;identifications s\u00e9curis\u00e9es\",\"publisher\":{\"@id\":\"https:\\\/\\\/scopus.fr\\\/pt-pt\\\/#organization\"},\"potentialAction\":[{\"@type\":\"SearchAction\",\"target\":{\"@type\":\"EntryPoint\",\"urlTemplate\":\"https:\\\/\\\/scopus.fr\\\/pt-pt\\\/?s={search_term_string}\"},\"query-input\":{\"@type\":\"PropertyValueSpecification\",\"valueRequired\":true,\"valueName\":\"search_term_string\"}}],\"inLanguage\":\"pt-PT\"},{\"@type\":\"Organization\",\"@id\":\"https:\\\/\\\/scopus.fr\\\/pt-pt\\\/#organization\",\"name\":\"SCOPUS\",\"url\":\"https:\\\/\\\/scopus.fr\\\/pt-pt\\\/\",\"logo\":{\"@type\":\"ImageObject\",\"inLanguage\":\"pt-PT\",\"@id\":\"https:\\\/\\\/scopus.fr\\\/pt-pt\\\/#\\\/schema\\\/logo\\\/image\\\/\",\"url\":\"https:\\\/\\\/scopus.fr\\\/wp-content\\\/uploads\\\/2022\\\/07\\\/scopus-logo.svg\",\"contentUrl\":\"https:\\\/\\\/scopus.fr\\\/wp-content\\\/uploads\\\/2022\\\/07\\\/scopus-logo.svg\",\"width\":261,\"height\":74,\"caption\":\"SCOPUS\"},\"image\":{\"@id\":\"https:\\\/\\\/scopus.fr\\\/pt-pt\\\/#\\\/schema\\\/logo\\\/image\\\/\"}}]}<\/script>\n<!-- \/ Yoast SEO plugin. -->","yoast_head_json":{"title":"\u00c1rea do cliente - SCOPUS","description":"Acesso \u00e0 plataforma segura de transfer\u00eancia de dados e ao servi\u00e7o p\u00f3s-venda para impressoras de cart\u00f5es e software.","robots":{"index":"index","follow":"follow","max-snippet":"max-snippet:-1","max-image-preview":"max-image-preview:large","max-video-preview":"max-video-preview:-1"},"canonical":"https:\/\/scopus.fr\/pt-pt\/area-do-cliente\/","og_locale":"pt_PT","og_type":"article","og_title":"\u00c1rea do cliente - SCOPUS","og_description":"Acesso \u00e0 plataforma segura de transfer\u00eancia de dados e ao servi\u00e7o p\u00f3s-venda para impressoras de cart\u00f5es e software.","og_url":"https:\/\/scopus.fr\/pt-pt\/area-do-cliente\/","og_site_name":"SCOPUS","article_modified_time":"2025-01-27T16:02:44+00:00","twitter_card":"summary_large_image","schema":{"@context":"https:\/\/schema.org","@graph":[{"@type":"WebPage","@id":"https:\/\/scopus.fr\/pt-pt\/area-do-cliente\/","url":"https:\/\/scopus.fr\/pt-pt\/area-do-cliente\/","name":"\u00c1rea do cliente - SCOPUS","isPartOf":{"@id":"https:\/\/scopus.fr\/pt-pt\/#website"},"datePublished":"2022-08-10T10:52:33+00:00","dateModified":"2025-01-27T16:02:44+00:00","description":"Acesso \u00e0 plataforma segura de transfer\u00eancia de dados e ao servi\u00e7o p\u00f3s-venda para impressoras de cart\u00f5es e software.","breadcrumb":{"@id":"https:\/\/scopus.fr\/pt-pt\/area-do-cliente\/#breadcrumb"},"inLanguage":"pt-PT","potentialAction":[{"@type":"ReadAction","target":["https:\/\/scopus.fr\/pt-pt\/area-do-cliente\/"]}]},{"@type":"BreadcrumbList","@id":"https:\/\/scopus.fr\/pt-pt\/area-do-cliente\/#breadcrumb","itemListElement":[{"@type":"ListItem","position":1,"name":"Accueil","item":"https:\/\/scopus.fr\/pt-pt\/"},{"@type":"ListItem","position":2,"name":"\u00c1rea do cliente"}]},{"@type":"WebSite","@id":"https:\/\/scopus.fr\/pt-pt\/#website","url":"https:\/\/scopus.fr\/pt-pt\/","name":"SCOPUS","description":"Solutions d&#039;identifications s\u00e9curis\u00e9es","publisher":{"@id":"https:\/\/scopus.fr\/pt-pt\/#organization"},"potentialAction":[{"@type":"SearchAction","target":{"@type":"EntryPoint","urlTemplate":"https:\/\/scopus.fr\/pt-pt\/?s={search_term_string}"},"query-input":{"@type":"PropertyValueSpecification","valueRequired":true,"valueName":"search_term_string"}}],"inLanguage":"pt-PT"},{"@type":"Organization","@id":"https:\/\/scopus.fr\/pt-pt\/#organization","name":"SCOPUS","url":"https:\/\/scopus.fr\/pt-pt\/","logo":{"@type":"ImageObject","inLanguage":"pt-PT","@id":"https:\/\/scopus.fr\/pt-pt\/#\/schema\/logo\/image\/","url":"https:\/\/scopus.fr\/wp-content\/uploads\/2022\/07\/scopus-logo.svg","contentUrl":"https:\/\/scopus.fr\/wp-content\/uploads\/2022\/07\/scopus-logo.svg","width":261,"height":74,"caption":"SCOPUS"},"image":{"@id":"https:\/\/scopus.fr\/pt-pt\/#\/schema\/logo\/image\/"}}]}},"_links":{"self":[{"href":"https:\/\/scopus.fr\/pt-pt\/wp-json\/wp\/v2\/pages\/16525","targetHints":{"allow":["GET"]}}],"collection":[{"href":"https:\/\/scopus.fr\/pt-pt\/wp-json\/wp\/v2\/pages"}],"about":[{"href":"https:\/\/scopus.fr\/pt-pt\/wp-json\/wp\/v2\/types\/page"}],"author":[{"embeddable":true,"href":"https:\/\/scopus.fr\/pt-pt\/wp-json\/wp\/v2\/users\/1"}],"replies":[{"embeddable":true,"href":"https:\/\/scopus.fr\/pt-pt\/wp-json\/wp\/v2\/comments?post=16525"}],"version-history":[{"count":1,"href":"https:\/\/scopus.fr\/pt-pt\/wp-json\/wp\/v2\/pages\/16525\/revisions"}],"predecessor-version":[{"id":16545,"href":"https:\/\/scopus.fr\/pt-pt\/wp-json\/wp\/v2\/pages\/16525\/revisions\/16545"}],"wp:attachment":[{"href":"https:\/\/scopus.fr\/pt-pt\/wp-json\/wp\/v2\/media?parent=16525"}],"curies":[{"name":"wp","href":"https:\/\/api.w.org\/{rel}","templated":true}]}}