{"id":17158,"date":"2022-07-20T05:43:03","date_gmt":"2022-07-20T05:43:03","guid":{"rendered":"https:\/\/scopus.fr\/informacion-legal\/"},"modified":"2025-01-27T16:05:28","modified_gmt":"2025-01-27T16:05:28","slug":"informacion-legal","status":"publish","type":"page","link":"https:\/\/scopus.fr\/es\/informacion-legal\/","title":{"rendered":"Informaci\u00f3n legal"},"content":{"rendered":"\t\t<div data-elementor-type=\"wp-page\" data-elementor-id=\"17158\" class=\"elementor elementor-17158 elementor-342\" data-elementor-post-type=\"page\">\n\t\t\t\t\t\t<section class=\"elementor-section elementor-top-section elementor-element elementor-element-4621d42 elementor-section-boxed elementor-section-height-default elementor-section-height-default\" data-id=\"4621d42\" data-element_type=\"section\" data-e-type=\"section\">\n\t\t\t\t\t\t<div class=\"elementor-container elementor-column-gap-default\">\n\t\t\t\t\t<div class=\"elementor-column elementor-col-100 elementor-top-column elementor-element elementor-element-ae133f6\" data-id=\"ae133f6\" data-element_type=\"column\" data-e-type=\"column\">\n\t\t\t<div class=\"elementor-widget-wrap elementor-element-populated\">\n\t\t\t\t\t\t\t<\/div>\n\t\t<\/div>\n\t\t\t\t\t<\/div>\n\t\t<\/section>\n\t\t\t\t<section class=\"elementor-section elementor-top-section elementor-element elementor-element-781cba1 elementor-section-boxed elementor-section-height-default elementor-section-height-default\" data-id=\"781cba1\" data-element_type=\"section\" data-e-type=\"section\">\n\t\t\t\t\t\t<div class=\"elementor-container elementor-column-gap-default\">\n\t\t\t\t\t<div class=\"elementor-column elementor-col-100 elementor-top-column elementor-element elementor-element-7adb00c\" data-id=\"7adb00c\" data-element_type=\"column\" data-e-type=\"column\">\n\t\t\t<div class=\"elementor-widget-wrap elementor-element-populated\">\n\t\t\t\t\t\t<div class=\"elementor-element elementor-element-8656050 elementor-widget elementor-widget-text-editor\" data-id=\"8656050\" data-element_type=\"widget\" data-e-type=\"widget\" data-widget_type=\"text-editor.default\">\n\t\t\t\t\t\t\t\t\t<h2>Presentaci\u00f3n general SCOPUS-OMNIBADGES<\/h2>\n<div class=\"contxt\">\n<p>Nombre de la empresa: SCOPUS<\/p>\n<p>Sirena: 494 998 016 C\u00f3digo de actividad: Actividades de agencia de publicidad (7311Z) Domicilio social: SCOPUS, 25 RUE NICOLAS LEBLANC 33700 MERIGNAC Tel\u00e9fono: 05 56 34 38 37 PRESIDENTE: Pierre Yves DUDAL<\/p>\n<h2>Derechos de autor<\/h2>\n<p>Todo este sitio se rige por la legislaci\u00f3n francesa e internacional sobre derechos de autor y propiedad intelectual. Quedan reservados todos los derechos de reproducci\u00f3n, incluidos los textos, los documentos descargables y las representaciones iconogr\u00e1ficas y fotogr\u00e1ficas. Queda terminantemente prohibida la reproducci\u00f3n total o parcial de este sitio en cualquier soporte sin la autorizaci\u00f3n expresa del responsable del sitio.  <\/p>\n<h2>Creaci\u00f3n y desarrollo<\/h2>\n<p>Este sitio ha sido creado y desarrollado por<a href=\"https:\/\/eenov.com\" target=\"_blank\" rel=\"noopener\">EEnov<\/a> Tel: 05.57.53.02.31 25 Rue Marcel Issartier, 33000 Burdeos<\/p>\n<h2>Alojamiento<\/h2>\n<p>O<strong>VH<\/strong> SAS au capital de 500 000 \u20ac 2 rue Kellermann 59100 Roubaix FRANCIA<\/p>\n<p>RCS Roubaix &#8211; Tourcoing 424 761 419 C\u00f3digo APE 6202A N\u00b0 TVA FR 22 424 761 419<\/p>\n<p>Este sitio respeta los derechos de autor. Quedan reservados todos los derechos de los autores de las obras protegidas reproducidas y comunicadas en este sitio. Salvo autorizaci\u00f3n, queda prohibido cualquier uso de las obras que no sea su reproducci\u00f3n y consulta individual y privada.  <\/p>\n<\/div>\n\t\t\t\t\t\t\t\t<\/div>\n\t\t\t\t\t<\/div>\n\t\t<\/div>\n\t\t\t\t\t<\/div>\n\t\t<\/section>\n\t\t\t\t<\/div>\n\t\t","protected":false},"excerpt":{"rendered":"<p>Presentaci\u00f3n general SCOPUS-OMNIBADGES Nombre de la empresa: SCOPUS Sirena: 494 998 016 C\u00f3digo de actividad: Actividades de agencia de publicidad (7311Z) Domicilio social: SCOPUS, 25 RUE NICOLAS LEBLANC 33700 MERIGNAC Tel\u00e9fono: 05 56 34 38 37 PRESIDENTE: Pierre Yves DUDAL Derechos de autor Todo este sitio se rige por la legislaci\u00f3n francesa e internacional sobre [&hellip;]<\/p>\n","protected":false},"author":1,"featured_media":0,"parent":0,"menu_order":0,"comment_status":"closed","ping_status":"closed","template":"","meta":{"_acf_changed":false,"footnotes":""},"class_list":["post-17158","page","type-page","status-publish","hentry"],"acf":[],"yoast_head":"<!-- This site is optimized with the Yoast SEO plugin v27.4 - https:\/\/yoast.com\/product\/yoast-seo-wordpress\/ -->\n<title>Informaci\u00f3n legal - SCOPUS<\/title>\n<meta name=\"robots\" content=\"index, follow, max-snippet:-1, max-image-preview:large, max-video-preview:-1\" \/>\n<link rel=\"canonical\" href=\"https:\/\/scopus.fr\/es\/informacion-legal\/\" \/>\n<meta property=\"og:locale\" content=\"es_ES\" \/>\n<meta property=\"og:type\" content=\"article\" \/>\n<meta property=\"og:title\" content=\"Informaci\u00f3n legal - SCOPUS\" \/>\n<meta property=\"og:description\" content=\"Presentaci\u00f3n general SCOPUS-OMNIBADGES Nombre de la empresa: SCOPUS Sirena: 494 998 016 C\u00f3digo de actividad: Actividades de agencia de publicidad (7311Z) Domicilio social: SCOPUS, 25 RUE NICOLAS LEBLANC 33700 MERIGNAC Tel\u00e9fono: 05 56 34 38 37 PRESIDENTE: Pierre Yves DUDAL Derechos de autor Todo este sitio se rige por la legislaci\u00f3n francesa e internacional sobre [&hellip;]\" \/>\n<meta property=\"og:url\" content=\"https:\/\/scopus.fr\/es\/informacion-legal\/\" \/>\n<meta property=\"og:site_name\" content=\"SCOPUS\" \/>\n<meta property=\"article:modified_time\" content=\"2025-01-27T16:05:28+00:00\" \/>\n<meta name=\"twitter:card\" content=\"summary_large_image\" \/>\n<meta name=\"twitter:label1\" content=\"Tiempo de lectura\" \/>\n\t<meta name=\"twitter:data1\" content=\"1 minuto\" \/>\n<script type=\"application\/ld+json\" class=\"yoast-schema-graph\">{\"@context\":\"https:\\\/\\\/schema.org\",\"@graph\":[{\"@type\":\"WebPage\",\"@id\":\"https:\\\/\\\/scopus.fr\\\/es\\\/informacion-legal\\\/\",\"url\":\"https:\\\/\\\/scopus.fr\\\/es\\\/informacion-legal\\\/\",\"name\":\"Informaci\u00f3n legal - SCOPUS\",\"isPartOf\":{\"@id\":\"https:\\\/\\\/scopus.fr\\\/es\\\/#website\"},\"datePublished\":\"2022-07-20T05:43:03+00:00\",\"dateModified\":\"2025-01-27T16:05:28+00:00\",\"breadcrumb\":{\"@id\":\"https:\\\/\\\/scopus.fr\\\/es\\\/informacion-legal\\\/#breadcrumb\"},\"inLanguage\":\"es\",\"potentialAction\":[{\"@type\":\"ReadAction\",\"target\":[\"https:\\\/\\\/scopus.fr\\\/es\\\/informacion-legal\\\/\"]}]},{\"@type\":\"BreadcrumbList\",\"@id\":\"https:\\\/\\\/scopus.fr\\\/es\\\/informacion-legal\\\/#breadcrumb\",\"itemListElement\":[{\"@type\":\"ListItem\",\"position\":1,\"name\":\"Accueil\",\"item\":\"https:\\\/\\\/scopus.fr\\\/es\\\/\"},{\"@type\":\"ListItem\",\"position\":2,\"name\":\"Informaci\u00f3n legal\"}]},{\"@type\":\"WebSite\",\"@id\":\"https:\\\/\\\/scopus.fr\\\/es\\\/#website\",\"url\":\"https:\\\/\\\/scopus.fr\\\/es\\\/\",\"name\":\"SCOPUS\",\"description\":\"Solutions d&#039;identifications s\u00e9curis\u00e9es\",\"publisher\":{\"@id\":\"https:\\\/\\\/scopus.fr\\\/es\\\/#organization\"},\"potentialAction\":[{\"@type\":\"SearchAction\",\"target\":{\"@type\":\"EntryPoint\",\"urlTemplate\":\"https:\\\/\\\/scopus.fr\\\/es\\\/?s={search_term_string}\"},\"query-input\":{\"@type\":\"PropertyValueSpecification\",\"valueRequired\":true,\"valueName\":\"search_term_string\"}}],\"inLanguage\":\"es\"},{\"@type\":\"Organization\",\"@id\":\"https:\\\/\\\/scopus.fr\\\/es\\\/#organization\",\"name\":\"SCOPUS\",\"url\":\"https:\\\/\\\/scopus.fr\\\/es\\\/\",\"logo\":{\"@type\":\"ImageObject\",\"inLanguage\":\"es\",\"@id\":\"https:\\\/\\\/scopus.fr\\\/es\\\/#\\\/schema\\\/logo\\\/image\\\/\",\"url\":\"https:\\\/\\\/scopus.fr\\\/wp-content\\\/uploads\\\/2022\\\/07\\\/scopus-logo.svg\",\"contentUrl\":\"https:\\\/\\\/scopus.fr\\\/wp-content\\\/uploads\\\/2022\\\/07\\\/scopus-logo.svg\",\"width\":261,\"height\":74,\"caption\":\"SCOPUS\"},\"image\":{\"@id\":\"https:\\\/\\\/scopus.fr\\\/es\\\/#\\\/schema\\\/logo\\\/image\\\/\"}}]}<\/script>\n<!-- \/ Yoast SEO plugin. -->","yoast_head_json":{"title":"Informaci\u00f3n legal - SCOPUS","robots":{"index":"index","follow":"follow","max-snippet":"max-snippet:-1","max-image-preview":"max-image-preview:large","max-video-preview":"max-video-preview:-1"},"canonical":"https:\/\/scopus.fr\/es\/informacion-legal\/","og_locale":"es_ES","og_type":"article","og_title":"Informaci\u00f3n legal - SCOPUS","og_description":"Presentaci\u00f3n general SCOPUS-OMNIBADGES Nombre de la empresa: SCOPUS Sirena: 494 998 016 C\u00f3digo de actividad: Actividades de agencia de publicidad (7311Z) Domicilio social: SCOPUS, 25 RUE NICOLAS LEBLANC 33700 MERIGNAC Tel\u00e9fono: 05 56 34 38 37 PRESIDENTE: Pierre Yves DUDAL Derechos de autor Todo este sitio se rige por la legislaci\u00f3n francesa e internacional sobre [&hellip;]","og_url":"https:\/\/scopus.fr\/es\/informacion-legal\/","og_site_name":"SCOPUS","article_modified_time":"2025-01-27T16:05:28+00:00","twitter_card":"summary_large_image","twitter_misc":{"Tiempo de lectura":"1 minuto"},"schema":{"@context":"https:\/\/schema.org","@graph":[{"@type":"WebPage","@id":"https:\/\/scopus.fr\/es\/informacion-legal\/","url":"https:\/\/scopus.fr\/es\/informacion-legal\/","name":"Informaci\u00f3n legal - SCOPUS","isPartOf":{"@id":"https:\/\/scopus.fr\/es\/#website"},"datePublished":"2022-07-20T05:43:03+00:00","dateModified":"2025-01-27T16:05:28+00:00","breadcrumb":{"@id":"https:\/\/scopus.fr\/es\/informacion-legal\/#breadcrumb"},"inLanguage":"es","potentialAction":[{"@type":"ReadAction","target":["https:\/\/scopus.fr\/es\/informacion-legal\/"]}]},{"@type":"BreadcrumbList","@id":"https:\/\/scopus.fr\/es\/informacion-legal\/#breadcrumb","itemListElement":[{"@type":"ListItem","position":1,"name":"Accueil","item":"https:\/\/scopus.fr\/es\/"},{"@type":"ListItem","position":2,"name":"Informaci\u00f3n legal"}]},{"@type":"WebSite","@id":"https:\/\/scopus.fr\/es\/#website","url":"https:\/\/scopus.fr\/es\/","name":"SCOPUS","description":"Solutions d&#039;identifications s\u00e9curis\u00e9es","publisher":{"@id":"https:\/\/scopus.fr\/es\/#organization"},"potentialAction":[{"@type":"SearchAction","target":{"@type":"EntryPoint","urlTemplate":"https:\/\/scopus.fr\/es\/?s={search_term_string}"},"query-input":{"@type":"PropertyValueSpecification","valueRequired":true,"valueName":"search_term_string"}}],"inLanguage":"es"},{"@type":"Organization","@id":"https:\/\/scopus.fr\/es\/#organization","name":"SCOPUS","url":"https:\/\/scopus.fr\/es\/","logo":{"@type":"ImageObject","inLanguage":"es","@id":"https:\/\/scopus.fr\/es\/#\/schema\/logo\/image\/","url":"https:\/\/scopus.fr\/wp-content\/uploads\/2022\/07\/scopus-logo.svg","contentUrl":"https:\/\/scopus.fr\/wp-content\/uploads\/2022\/07\/scopus-logo.svg","width":261,"height":74,"caption":"SCOPUS"},"image":{"@id":"https:\/\/scopus.fr\/es\/#\/schema\/logo\/image\/"}}]}},"_links":{"self":[{"href":"https:\/\/scopus.fr\/es\/wp-json\/wp\/v2\/pages\/17158","targetHints":{"allow":["GET"]}}],"collection":[{"href":"https:\/\/scopus.fr\/es\/wp-json\/wp\/v2\/pages"}],"about":[{"href":"https:\/\/scopus.fr\/es\/wp-json\/wp\/v2\/types\/page"}],"author":[{"embeddable":true,"href":"https:\/\/scopus.fr\/es\/wp-json\/wp\/v2\/users\/1"}],"replies":[{"embeddable":true,"href":"https:\/\/scopus.fr\/es\/wp-json\/wp\/v2\/comments?post=17158"}],"version-history":[{"count":1,"href":"https:\/\/scopus.fr\/es\/wp-json\/wp\/v2\/pages\/17158\/revisions"}],"predecessor-version":[{"id":17159,"href":"https:\/\/scopus.fr\/es\/wp-json\/wp\/v2\/pages\/17158\/revisions\/17159"}],"wp:attachment":[{"href":"https:\/\/scopus.fr\/es\/wp-json\/wp\/v2\/media?parent=17158"}],"curies":[{"name":"wp","href":"https:\/\/api.w.org\/{rel}","templated":true}]}}