{"id":17138,"date":"2022-07-20T05:14:36","date_gmt":"2022-07-20T05:14:36","guid":{"rendered":"https:\/\/scopus.fr\/contratacion\/"},"modified":"2025-01-27T16:05:28","modified_gmt":"2025-01-27T16:05:28","slug":"contratacion","status":"publish","type":"page","link":"https:\/\/scopus.fr\/es\/contratacion\/","title":{"rendered":"Contrataci\u00f3n"},"content":{"rendered":"\t\t<div data-elementor-type=\"wp-page\" data-elementor-id=\"17138\" class=\"elementor elementor-17138 elementor-324\" data-elementor-post-type=\"page\">\n\t\t\t\t\t\t<section class=\"elementor-section elementor-top-section elementor-element elementor-element-369af761 elementor-section-boxed elementor-section-height-default elementor-section-height-default\" data-id=\"369af761\" data-element_type=\"section\" data-e-type=\"section\" data-settings=\"{&quot;background_background&quot;:&quot;classic&quot;}\">\n\t\t\t\t\t\t\t<div class=\"elementor-background-overlay\"><\/div>\n\t\t\t\t\t\t\t<div class=\"elementor-container elementor-column-gap-default\">\n\t\t\t\t\t<div class=\"elementor-column elementor-col-100 elementor-top-column elementor-element elementor-element-179d5c22\" data-id=\"179d5c22\" data-element_type=\"column\" data-e-type=\"column\">\n\t\t\t<div class=\"elementor-widget-wrap elementor-element-populated\">\n\t\t\t\t\t\t<div class=\"elementor-element elementor-element-2cfa9458 elementor-widget elementor-widget-breadcrumbs\" data-id=\"2cfa9458\" data-element_type=\"widget\" data-e-type=\"widget\" data-widget_type=\"breadcrumbs.default\">\n\t\t\t\t\t<p id=\"breadcrumbs\"><span><span><a href=\"https:\/\/scopus.fr\/es\/\">Accueil<\/a><\/span><\/span><\/p>\t\t\t\t<\/div>\n\t\t\t\t<div class=\"elementor-element elementor-element-5d374618 elementor-widget elementor-widget-heading\" data-id=\"5d374618\" data-element_type=\"widget\" data-e-type=\"widget\" data-widget_type=\"heading.default\">\n\t\t\t\t\t<h1 class=\"elementor-heading-title elementor-size-default\">Contrataci\u00f3n<\/h1>\t\t\t\t<\/div>\n\t\t\t\t<div class=\"elementor-element elementor-element-3018c0a4 elementor-widget__width-initial elementor-widget elementor-widget-text-editor\" data-id=\"3018c0a4\" data-element_type=\"widget\" data-e-type=\"widget\" data-widget_type=\"text-editor.default\">\n\t\t\t\t\t\t\t\t\t<p>Scopus es una empresa din\u00e1mica en constante b\u00fasqueda de nuevos talentos. La diversidad de nuestros servicios abre la puerta a un amplio abanico de perfiles: ingenieros, t\u00e9cnicos, comerciales, comunicadores, etc.   <\/p>\n<p>No dudes en enviarnos tu solicitud, la estudiaremos detenidamente.<\/p>\n\t\t\t\t\t\t\t\t<\/div>\n\t\t\t\t\t<\/div>\n\t\t<\/div>\n\t\t\t\t\t<\/div>\n\t\t<\/section>\n\t\t\t\t<section class=\"elementor-section elementor-top-section elementor-element elementor-element-91c1f38 elementor-section-boxed elementor-section-height-default elementor-section-height-default\" data-id=\"91c1f38\" data-element_type=\"section\" data-e-type=\"section\" data-settings=\"{&quot;background_background&quot;:&quot;classic&quot;}\">\n\t\t\t\t\t\t<div class=\"elementor-container elementor-column-gap-default\">\n\t\t\t\t\t<div class=\"elementor-column elementor-col-100 elementor-top-column elementor-element elementor-element-7149a2e6\" data-id=\"7149a2e6\" data-element_type=\"column\" data-e-type=\"column\">\n\t\t\t<div class=\"elementor-widget-wrap elementor-element-populated\">\n\t\t\t\t\t\t<div class=\"elementor-element elementor-element-a750e78 elementor-widget elementor-widget-heading\" data-id=\"a750e78\" data-element_type=\"widget\" data-e-type=\"widget\" data-widget_type=\"heading.default\">\n\t\t\t\t\t<h2 class=\"elementor-heading-title elementor-size-default\">Ofertas de empleo<\/h2>\t\t\t\t<\/div>\n\t\t\t\t<div class=\"elementor-element elementor-element-ce36fbe elementor-widget elementor-widget-text-editor\" data-id=\"ce36fbe\" data-element_type=\"widget\" data-e-type=\"widget\" data-widget_type=\"text-editor.default\">\n\t\t\t\t\t\t\t\t\t<div class=\"job_listings\" data-location=\"\" data-keywords=\"\" data-show_filters=\"true\" data-show_pagination=\"false\" data-per_page=\"10\" data-orderby=\"featured\" data-order=\"DESC\" data-categories=\"\" data-disable-form-state-storage=\"\" data-featured_first=\"false\" data-post_id=\"17138\" >\n<form class=\"job_filters\">\n\t\n\t<div class=\"search_jobs\">\n\t\t\n\t\t<div class=\"search_keywords\">\n\t\t\t<label for=\"search_keywords\">Palabras clave<\/label>\n\t\t\t<input type=\"text\" name=\"search_keywords\" id=\"search_keywords\" placeholder=\"Palabras clave\" value=\"\" \/>\n\t\t<\/div>\n\n\t\t<div class=\"search_location\">\n\t\t\t<label for=\"search_location\">Ubicaci\u00f3n<\/label>\n\t\t\t<input type=\"text\" name=\"search_location\" id=\"search_location\" placeholder=\"Ubicaci\u00f3n\" value=\"\" \/>\n\t\t<\/div>\n\n\t\t\n\t\t<div style=\"clear: both\"><\/div>\n\n\t\t\n\t\t\t\t\t<div class=\"search_submit\">\n\t\t\t\t<input type=\"submit\" value=\"Buscar trabajos\">\n\t\t\t<\/div>\n\t\t\n\t\t\t<\/div>\n\n\t\t<ul class=\"job_types\">\n\t\t\t<\/ul>\n\t<input type=\"hidden\" name=\"filter_job_type[]\" value=\"\" \/>\n<div class=\"showing_jobs\"><\/div><\/form>\n\n\n<noscript>Tu navegador no es compatible con JavaScript o est\u00e1 desactivado. JavaScript debe estar activado para poder ver las ofertas.<\/noscript>\n<ul class=\"job_listings\">\n<\/ul>\n<a class=\"load_more_jobs\" href=\"#\" style=\"display:none;\"><strong>Cargar m\u00e1s ofertas<\/strong><\/a><\/div>\n\t\t\t\t\t\t\t\t<\/div>\n\t\t\t\t\t<\/div>\n\t\t<\/div>\n\t\t\t\t\t<\/div>\n\t\t<\/section>\n\t\t\t\t<section class=\"elementor-section elementor-top-section elementor-element elementor-element-1731d80 elementor-section-boxed elementor-section-height-default elementor-section-height-default\" data-id=\"1731d80\" data-element_type=\"section\" data-e-type=\"section\" data-settings=\"{&quot;background_background&quot;:&quot;classic&quot;}\">\n\t\t\t\t\t\t<div class=\"elementor-container elementor-column-gap-default\">\n\t\t\t\t\t<div class=\"elementor-column elementor-col-100 elementor-top-column elementor-element elementor-element-cab364d\" data-id=\"cab364d\" data-element_type=\"column\" data-e-type=\"column\">\n\t\t\t<div class=\"elementor-widget-wrap elementor-element-populated\">\n\t\t\t\t\t\t<div class=\"elementor-element elementor-element-63ba22e elementor-widget elementor-widget-heading\" data-id=\"63ba22e\" data-element_type=\"widget\" data-e-type=\"widget\" data-widget_type=\"heading.default\">\n\t\t\t\t\t<h2 class=\"elementor-heading-title elementor-size-default\">Solicitud no solicitada<\/h2>\t\t\t\t<\/div>\n\t\t\t\t<div class=\"elementor-element elementor-element-6f9725a elementor-button-align-stretch elementor-widget elementor-widget-form\" data-id=\"6f9725a\" data-element_type=\"widget\" data-e-type=\"widget\" data-settings=\"{&quot;button_width&quot;:&quot;33&quot;,&quot;step_next_label&quot;:&quot;Siguiente&quot;,&quot;step_previous_label&quot;:&quot;Anterior&quot;,&quot;step_type&quot;:&quot;number_text&quot;,&quot;step_icon_shape&quot;:&quot;circle&quot;}\" data-widget_type=\"form.default\">\n\t\t\t\t\t\t\t<form class=\"elementor-form\" method=\"post\" name=\"Nuevo formulario\" aria-label=\"Nuevo formulario\">\n\t\t\t<input type=\"hidden\" name=\"post_id\" value=\"17138\"\/>\n\t\t\t<input type=\"hidden\" name=\"form_id\" value=\"6f9725a\"\/>\n\t\t\t<input type=\"hidden\" name=\"referer_title\" value=\"SCOPUS\" \/>\n\n\t\t\t\n\t\t\t<div class=\"elementor-form-fields-wrapper elementor-labels-above\">\n\t\t\t\t\t\t\t\t<div class=\"elementor-field-type-text elementor-field-group elementor-column elementor-field-group-name elementor-col-50 elementor-field-required elementor-mark-required\">\n\t\t\t\t\t\t\t\t\t\t\t\t<label for=\"form-field-name\" class=\"elementor-field-label\">\n\t\t\t\t\t\t\t\tNombre\t\t\t\t\t\t\t<\/label>\n\t\t\t\t\t\t\t\t\t\t\t\t\t\t<input size=\"1\" type=\"text\" name=\"form_fields[name]\" id=\"form-field-name\" class=\"elementor-field elementor-size-sm  elementor-field-textual\" required=\"required\">\n\t\t\t\t\t\t\t\t\t\t\t<\/div>\n\t\t\t\t\t\t\t\t<div class=\"elementor-field-type-text elementor-field-group elementor-column elementor-field-group-field_5e1f8e4 elementor-col-50 elementor-field-required elementor-mark-required\">\n\t\t\t\t\t\t\t\t\t\t\t\t<label for=\"form-field-field_5e1f8e4\" class=\"elementor-field-label\">\n\t\t\t\t\t\t\t\tNombre\t\t\t\t\t\t\t<\/label>\n\t\t\t\t\t\t\t\t\t\t\t\t\t\t<input size=\"1\" type=\"text\" name=\"form_fields[field_5e1f8e4]\" id=\"form-field-field_5e1f8e4\" class=\"elementor-field elementor-size-sm  elementor-field-textual\" required=\"required\">\n\t\t\t\t\t\t\t\t\t\t\t<\/div>\n\t\t\t\t\t\t\t\t<div class=\"elementor-field-type-email elementor-field-group elementor-column elementor-field-group-email elementor-col-50 elementor-field-required elementor-mark-required\">\n\t\t\t\t\t\t\t\t\t\t\t\t<label for=\"form-field-email\" class=\"elementor-field-label\">\n\t\t\t\t\t\t\t\tCorreo electr\u00f3nico\t\t\t\t\t\t\t<\/label>\n\t\t\t\t\t\t\t\t\t\t\t\t\t\t<input size=\"1\" type=\"email\" name=\"form_fields[email]\" id=\"form-field-email\" class=\"elementor-field elementor-size-sm  elementor-field-textual\" required=\"required\">\n\t\t\t\t\t\t\t\t\t\t\t<\/div>\n\t\t\t\t\t\t\t\t<div class=\"elementor-field-type-tel elementor-field-group elementor-column elementor-field-group-field_f41b406 elementor-col-50 elementor-field-required elementor-mark-required\">\n\t\t\t\t\t\t\t\t\t\t\t\t<label for=\"form-field-field_f41b406\" class=\"elementor-field-label\">\n\t\t\t\t\t\t\t\tTel\u00e9fono\t\t\t\t\t\t\t<\/label>\n\t\t\t\t\t\t\t\t<input size=\"1\" type=\"tel\" name=\"form_fields[field_f41b406]\" id=\"form-field-field_f41b406\" class=\"elementor-field elementor-size-sm  elementor-field-textual\" required=\"required\" pattern=\"[0-9()#&amp;+*-=.]+\" title=\"Solo se aceptan n\u00fameros y caracteres de tel\u00e9fono (#,-,*,etc).\">\n\n\t\t\t\t\t\t<\/div>\n\t\t\t\t\t\t\t\t<div class=\"elementor-field-type-textarea elementor-field-group elementor-column elementor-field-group-message elementor-col-100\">\n\t\t\t\t\t\t\t\t\t\t\t\t<label for=\"form-field-message\" class=\"elementor-field-label\">\n\t\t\t\t\t\t\t\tMensaje adicional\t\t\t\t\t\t\t<\/label>\n\t\t\t\t\t\t<textarea class=\"elementor-field-textual elementor-field  elementor-size-sm\" name=\"form_fields[message]\" id=\"form-field-message\" rows=\"4\"><\/textarea>\t\t\t\t<\/div>\n\t\t\t\t\t\t\t\t<div class=\"elementor-field-type-html elementor-field-group elementor-column elementor-field-group-field_5c7c13f elementor-col-100\">\n\t\t\t\t\t<b>Tu CV y\/o carta de presentaci\u00f3n<\/b>\t\t\t\t<\/div>\n\t\t\t\t\t\t\t\t<div class=\"elementor-field-type-upload elementor-field-group elementor-column elementor-field-group-field_f2ad96b elementor-col-100 elementor-field-required elementor-mark-required\">\n\t\t\t\t\t\t\t<input type=\"file\" name=\"form_fields[field_f2ad96b][]\" id=\"form-field-field_f2ad96b\" class=\"elementor-field elementor-size-sm  elementor-upload-field\" required=\"required\" multiple=\"multiple\" data-maxsize=\"2\" data-maxsize-message=\"Este archivo excede el tama\u00f1o m\u00e1ximo permitido.\">\n\n\t\t\t\t\t\t<\/div>\n\t\t\t\t\t\t\t\t<div class=\"elementor-field-type-recaptcha elementor-field-group elementor-column elementor-field-group-field_4fe13f2 elementor-col-100\">\n\t\t\t\t\t<div class=\"elementor-field\" id=\"form-field-field_4fe13f2\"><div class=\"elementor-g-recaptcha\" data-sitekey=\"6LeGr2EkAAAAACySTrk6w8RMkcA_B-AlX1bklWlL\" data-type=\"v2_checkbox\" data-theme=\"light\" data-size=\"normal\"><\/div><\/div>\t\t\t\t<\/div>\n\t\t\t\t\t\t\t\t<div class=\"elementor-field-group elementor-column elementor-field-type-submit elementor-col-33 e-form__buttons\">\n\t\t\t\t\t<button class=\"elementor-button elementor-size-md\" type=\"submit\">\n\t\t\t\t\t\t<span class=\"elementor-button-content-wrapper\">\n\t\t\t\t\t\t\t\t\t\t\t\t\t\t\t\t\t\t\t\t\t\t<span class=\"elementor-button-text\">Enviar mi solicitud<\/span>\n\t\t\t\t\t\t\t\t\t\t\t\t\t<\/span>\n\t\t\t\t\t<\/button>\n\t\t\t\t<\/div>\n\t\t\t<\/div>\n\t\t<\/form>\n\t\t\t\t\t\t<\/div>\n\t\t\t\t\t<\/div>\n\t\t<\/div>\n\t\t\t\t\t<\/div>\n\t\t<\/section>\n\t\t\t\t<\/div>\n\t\t","protected":false},"excerpt":{"rendered":"<p>Contrataci\u00f3n Scopus es una empresa din\u00e1mica en constante b\u00fasqueda de nuevos talentos. La diversidad de nuestros servicios abre la puerta a un amplio abanico de perfiles: ingenieros, t\u00e9cnicos, comerciales, comunicadores, etc. No dudes en enviarnos tu solicitud, la estudiaremos detenidamente. Ofertas de empleo Solicitud no solicitada<\/p>\n","protected":false},"author":1,"featured_media":0,"parent":0,"menu_order":0,"comment_status":"closed","ping_status":"closed","template":"","meta":{"_acf_changed":false,"footnotes":""},"class_list":["post-17138","page","type-page","status-publish","hentry"],"acf":[],"yoast_head":"<!-- This site is optimized with the Yoast SEO plugin v27.4 - https:\/\/yoast.com\/product\/yoast-seo-wordpress\/ -->\n<title>Contrataci\u00f3n - SCOPUS<\/title>\n<meta name=\"description\" content=\"Scopus es una empresa din\u00e1mica e innovadora que busca constantemente nuevos talentos. \u00a1No dudes en enviarnos tu candidatura!\" \/>\n<meta name=\"robots\" content=\"index, follow, max-snippet:-1, max-image-preview:large, max-video-preview:-1\" \/>\n<link rel=\"canonical\" href=\"https:\/\/scopus.fr\/es\/contratacion\/\" \/>\n<meta property=\"og:locale\" content=\"es_ES\" \/>\n<meta property=\"og:type\" content=\"article\" \/>\n<meta property=\"og:title\" content=\"Contrataci\u00f3n - SCOPUS\" \/>\n<meta property=\"og:description\" content=\"Scopus es una empresa din\u00e1mica e innovadora que busca constantemente nuevos talentos. \u00a1No dudes en enviarnos tu candidatura!\" \/>\n<meta property=\"og:url\" content=\"https:\/\/scopus.fr\/es\/contratacion\/\" \/>\n<meta property=\"og:site_name\" content=\"SCOPUS\" \/>\n<meta property=\"article:modified_time\" content=\"2025-01-27T16:05:28+00:00\" \/>\n<meta name=\"twitter:card\" content=\"summary_large_image\" \/>\n<script type=\"application\/ld+json\" class=\"yoast-schema-graph\">{\"@context\":\"https:\\\/\\\/schema.org\",\"@graph\":[{\"@type\":\"WebPage\",\"@id\":\"https:\\\/\\\/scopus.fr\\\/es\\\/contratacion\\\/\",\"url\":\"https:\\\/\\\/scopus.fr\\\/es\\\/contratacion\\\/\",\"name\":\"Contrataci\u00f3n - SCOPUS\",\"isPartOf\":{\"@id\":\"https:\\\/\\\/scopus.fr\\\/es\\\/#website\"},\"datePublished\":\"2022-07-20T05:14:36+00:00\",\"dateModified\":\"2025-01-27T16:05:28+00:00\",\"description\":\"Scopus es una empresa din\u00e1mica e innovadora que busca constantemente nuevos talentos. \u00a1No dudes en enviarnos tu candidatura!\",\"breadcrumb\":{\"@id\":\"https:\\\/\\\/scopus.fr\\\/es\\\/contratacion\\\/#breadcrumb\"},\"inLanguage\":\"es\",\"potentialAction\":[{\"@type\":\"ReadAction\",\"target\":[\"https:\\\/\\\/scopus.fr\\\/es\\\/contratacion\\\/\"]}]},{\"@type\":\"BreadcrumbList\",\"@id\":\"https:\\\/\\\/scopus.fr\\\/es\\\/contratacion\\\/#breadcrumb\",\"itemListElement\":[{\"@type\":\"ListItem\",\"position\":1,\"name\":\"Accueil\",\"item\":\"https:\\\/\\\/scopus.fr\\\/es\\\/\"},{\"@type\":\"ListItem\",\"position\":2,\"name\":\"Contrataci\u00f3n\"}]},{\"@type\":\"WebSite\",\"@id\":\"https:\\\/\\\/scopus.fr\\\/es\\\/#website\",\"url\":\"https:\\\/\\\/scopus.fr\\\/es\\\/\",\"name\":\"SCOPUS\",\"description\":\"Solutions d&#039;identifications s\u00e9curis\u00e9es\",\"publisher\":{\"@id\":\"https:\\\/\\\/scopus.fr\\\/es\\\/#organization\"},\"potentialAction\":[{\"@type\":\"SearchAction\",\"target\":{\"@type\":\"EntryPoint\",\"urlTemplate\":\"https:\\\/\\\/scopus.fr\\\/es\\\/?s={search_term_string}\"},\"query-input\":{\"@type\":\"PropertyValueSpecification\",\"valueRequired\":true,\"valueName\":\"search_term_string\"}}],\"inLanguage\":\"es\"},{\"@type\":\"Organization\",\"@id\":\"https:\\\/\\\/scopus.fr\\\/es\\\/#organization\",\"name\":\"SCOPUS\",\"url\":\"https:\\\/\\\/scopus.fr\\\/es\\\/\",\"logo\":{\"@type\":\"ImageObject\",\"inLanguage\":\"es\",\"@id\":\"https:\\\/\\\/scopus.fr\\\/es\\\/#\\\/schema\\\/logo\\\/image\\\/\",\"url\":\"https:\\\/\\\/scopus.fr\\\/wp-content\\\/uploads\\\/2022\\\/07\\\/scopus-logo.svg\",\"contentUrl\":\"https:\\\/\\\/scopus.fr\\\/wp-content\\\/uploads\\\/2022\\\/07\\\/scopus-logo.svg\",\"width\":261,\"height\":74,\"caption\":\"SCOPUS\"},\"image\":{\"@id\":\"https:\\\/\\\/scopus.fr\\\/es\\\/#\\\/schema\\\/logo\\\/image\\\/\"}}]}<\/script>\n<!-- \/ Yoast SEO plugin. -->","yoast_head_json":{"title":"Contrataci\u00f3n - SCOPUS","description":"Scopus es una empresa din\u00e1mica e innovadora que busca constantemente nuevos talentos. \u00a1No dudes en enviarnos tu candidatura!","robots":{"index":"index","follow":"follow","max-snippet":"max-snippet:-1","max-image-preview":"max-image-preview:large","max-video-preview":"max-video-preview:-1"},"canonical":"https:\/\/scopus.fr\/es\/contratacion\/","og_locale":"es_ES","og_type":"article","og_title":"Contrataci\u00f3n - SCOPUS","og_description":"Scopus es una empresa din\u00e1mica e innovadora que busca constantemente nuevos talentos. \u00a1No dudes en enviarnos tu candidatura!","og_url":"https:\/\/scopus.fr\/es\/contratacion\/","og_site_name":"SCOPUS","article_modified_time":"2025-01-27T16:05:28+00:00","twitter_card":"summary_large_image","schema":{"@context":"https:\/\/schema.org","@graph":[{"@type":"WebPage","@id":"https:\/\/scopus.fr\/es\/contratacion\/","url":"https:\/\/scopus.fr\/es\/contratacion\/","name":"Contrataci\u00f3n - SCOPUS","isPartOf":{"@id":"https:\/\/scopus.fr\/es\/#website"},"datePublished":"2022-07-20T05:14:36+00:00","dateModified":"2025-01-27T16:05:28+00:00","description":"Scopus es una empresa din\u00e1mica e innovadora que busca constantemente nuevos talentos. \u00a1No dudes en enviarnos tu candidatura!","breadcrumb":{"@id":"https:\/\/scopus.fr\/es\/contratacion\/#breadcrumb"},"inLanguage":"es","potentialAction":[{"@type":"ReadAction","target":["https:\/\/scopus.fr\/es\/contratacion\/"]}]},{"@type":"BreadcrumbList","@id":"https:\/\/scopus.fr\/es\/contratacion\/#breadcrumb","itemListElement":[{"@type":"ListItem","position":1,"name":"Accueil","item":"https:\/\/scopus.fr\/es\/"},{"@type":"ListItem","position":2,"name":"Contrataci\u00f3n"}]},{"@type":"WebSite","@id":"https:\/\/scopus.fr\/es\/#website","url":"https:\/\/scopus.fr\/es\/","name":"SCOPUS","description":"Solutions d&#039;identifications s\u00e9curis\u00e9es","publisher":{"@id":"https:\/\/scopus.fr\/es\/#organization"},"potentialAction":[{"@type":"SearchAction","target":{"@type":"EntryPoint","urlTemplate":"https:\/\/scopus.fr\/es\/?s={search_term_string}"},"query-input":{"@type":"PropertyValueSpecification","valueRequired":true,"valueName":"search_term_string"}}],"inLanguage":"es"},{"@type":"Organization","@id":"https:\/\/scopus.fr\/es\/#organization","name":"SCOPUS","url":"https:\/\/scopus.fr\/es\/","logo":{"@type":"ImageObject","inLanguage":"es","@id":"https:\/\/scopus.fr\/es\/#\/schema\/logo\/image\/","url":"https:\/\/scopus.fr\/wp-content\/uploads\/2022\/07\/scopus-logo.svg","contentUrl":"https:\/\/scopus.fr\/wp-content\/uploads\/2022\/07\/scopus-logo.svg","width":261,"height":74,"caption":"SCOPUS"},"image":{"@id":"https:\/\/scopus.fr\/es\/#\/schema\/logo\/image\/"}}]}},"_links":{"self":[{"href":"https:\/\/scopus.fr\/es\/wp-json\/wp\/v2\/pages\/17138","targetHints":{"allow":["GET"]}}],"collection":[{"href":"https:\/\/scopus.fr\/es\/wp-json\/wp\/v2\/pages"}],"about":[{"href":"https:\/\/scopus.fr\/es\/wp-json\/wp\/v2\/types\/page"}],"author":[{"embeddable":true,"href":"https:\/\/scopus.fr\/es\/wp-json\/wp\/v2\/users\/1"}],"replies":[{"embeddable":true,"href":"https:\/\/scopus.fr\/es\/wp-json\/wp\/v2\/comments?post=17138"}],"version-history":[{"count":1,"href":"https:\/\/scopus.fr\/es\/wp-json\/wp\/v2\/pages\/17138\/revisions"}],"predecessor-version":[{"id":17141,"href":"https:\/\/scopus.fr\/es\/wp-json\/wp\/v2\/pages\/17138\/revisions\/17141"}],"wp:attachment":[{"href":"https:\/\/scopus.fr\/es\/wp-json\/wp\/v2\/media?parent=17138"}],"curies":[{"name":"wp","href":"https:\/\/api.w.org\/{rel}","templated":true}]}}