{"id":17127,"date":"2022-07-20T05:14:22","date_gmt":"2022-07-20T05:14:22","guid":{"rendered":"https:\/\/scopus.fr\/dsgvo\/"},"modified":"2025-01-27T16:05:28","modified_gmt":"2025-01-27T16:05:28","slug":"dsgvo","status":"publish","type":"page","link":"https:\/\/scopus.fr\/de\/dsgvo\/","title":{"rendered":"DSGVO"},"content":{"rendered":"\t\t<div data-elementor-type=\"wp-page\" data-elementor-id=\"17127\" class=\"elementor elementor-17127 elementor-322\" data-elementor-post-type=\"page\">\n\t\t\t\t\t\t<section class=\"elementor-section elementor-top-section elementor-element elementor-element-bd43cae elementor-section-boxed elementor-section-height-default elementor-section-height-default\" data-id=\"bd43cae\" data-element_type=\"section\" data-e-type=\"section\" data-settings=\"{&quot;background_background&quot;:&quot;classic&quot;}\">\n\t\t\t\t\t\t\t<div class=\"elementor-background-overlay\"><\/div>\n\t\t\t\t\t\t\t<div class=\"elementor-container elementor-column-gap-custom\">\n\t\t\t\t\t<div class=\"elementor-column elementor-col-100 elementor-top-column elementor-element elementor-element-37ae236\" data-id=\"37ae236\" data-element_type=\"column\" data-e-type=\"column\">\n\t\t\t<div class=\"elementor-widget-wrap elementor-element-populated\">\n\t\t\t\t\t\t<div class=\"elementor-element elementor-element-ff2020e elementor-widget elementor-widget-breadcrumbs\" data-id=\"ff2020e\" data-element_type=\"widget\" data-e-type=\"widget\" data-widget_type=\"breadcrumbs.default\">\n\t\t\t\t\t<p id=\"breadcrumbs\"><span><span><a href=\"https:\/\/scopus.fr\/de\/\">Accueil<\/a><\/span><\/span><\/p>\t\t\t\t<\/div>\n\t\t\t\t<div class=\"elementor-element elementor-element-6360db5 elementor-widget elementor-widget-heading\" data-id=\"6360db5\" data-element_type=\"widget\" data-e-type=\"widget\" data-widget_type=\"heading.default\">\n\t\t\t\t\t<h1 class=\"elementor-heading-title elementor-size-default\">DSGVO<\/h1>\t\t\t\t<\/div>\n\t\t\t\t<div class=\"elementor-element elementor-element-2aceff6 elementor-widget__width-initial elementor-widget elementor-widget-text-editor\" data-id=\"2aceff6\" data-element_type=\"widget\" data-e-type=\"widget\" data-widget_type=\"text-editor.default\">\n\t\t\t\t\t\t\t\t\tScopus h\u00e4lt sich an die Allgemeine Datenschutzverordnung\nund verpflichtet sich, die Informationen zu sch\u00fctzen, die Sie uns\nzur Verf\u00fcgung stellen, um gedruckte und personalisierte Dokumente zu erstellen.\t\t\t\t\t\t\t\t<\/div>\n\t\t\t\t\t<\/div>\n\t\t<\/div>\n\t\t\t\t\t<\/div>\n\t\t<\/section>\n\t\t\t\t<section class=\"elementor-section elementor-top-section elementor-element elementor-element-dc69dde elementor-section-boxed elementor-section-height-default elementor-section-height-default\" data-id=\"dc69dde\" data-element_type=\"section\" data-e-type=\"section\" data-settings=\"{&quot;background_background&quot;:&quot;classic&quot;}\">\n\t\t\t\t\t\t<div class=\"elementor-container elementor-column-gap-custom\">\n\t\t\t\t\t<div class=\"elementor-column elementor-col-100 elementor-top-column elementor-element elementor-element-6b7b316\" data-id=\"6b7b316\" data-element_type=\"column\" data-e-type=\"column\">\n\t\t\t<div class=\"elementor-widget-wrap elementor-element-populated\">\n\t\t\t\t\t\t<section class=\"elementor-section elementor-inner-section elementor-element elementor-element-818b606 elementor-reverse-mobile elementor-section-boxed elementor-section-height-default elementor-section-height-default\" data-id=\"818b606\" data-element_type=\"section\" data-e-type=\"section\">\n\t\t\t\t\t\t<div class=\"elementor-container elementor-column-gap-custom\">\n\t\t\t\t\t<div class=\"elementor-column elementor-col-100 elementor-inner-column elementor-element elementor-element-1a4f9be\" data-id=\"1a4f9be\" data-element_type=\"column\" data-e-type=\"column\">\n\t\t\t<div class=\"elementor-widget-wrap elementor-element-populated\">\n\t\t\t\t\t\t<div class=\"elementor-element elementor-element-64fdb7f elementor-widget__width-initial elementor-widget elementor-widget-heading\" data-id=\"64fdb7f\" data-element_type=\"widget\" data-e-type=\"widget\" data-widget_type=\"heading.default\">\n\t\t\t\t\t<h2 class=\"elementor-heading-title elementor-size-default\">WIE SCH\u00dcTZEN WIR IHRE SENSIBLEN DATEN?<\/h2>\t\t\t\t<\/div>\n\t\t\t\t<div class=\"elementor-element elementor-element-59c64c4 elementor-widget elementor-widget-heading\" data-id=\"59c64c4\" data-element_type=\"widget\" data-e-type=\"widget\" data-widget_type=\"heading.default\">\n\t\t\t\t\t<h2 class=\"elementor-heading-title elementor-size-default\">Scopus sichert Ihre Daten physisch und elektronisch.<\/h2>\t\t\t\t<\/div>\n\t\t\t\t\t<\/div>\n\t\t<\/div>\n\t\t\t\t\t<\/div>\n\t\t<\/section>\n\t\t\t\t<section class=\"elementor-section elementor-inner-section elementor-element elementor-element-44fd7cf elementor-reverse-mobile elementor-section-boxed elementor-section-height-default elementor-section-height-default\" data-id=\"44fd7cf\" data-element_type=\"section\" data-e-type=\"section\">\n\t\t\t\t\t\t<div class=\"elementor-container elementor-column-gap-custom\">\n\t\t\t\t\t<div class=\"elementor-column elementor-col-50 elementor-inner-column elementor-element elementor-element-9efb9b0\" data-id=\"9efb9b0\" data-element_type=\"column\" data-e-type=\"column\">\n\t\t\t<div class=\"elementor-widget-wrap elementor-element-populated\">\n\t\t\t\t\t\t<div class=\"elementor-element elementor-element-6393b17 elementor-widget elementor-widget-text-editor\" data-id=\"6393b17\" data-element_type=\"widget\" data-e-type=\"widget\" data-widget_type=\"text-editor.default\">\n\t\t\t\t\t\t\t\t\t<p><strong>Datenschutz in unserer Produktionsst\u00e4tte<\/strong><\/p>\n<p>Die Produktionsr\u00e4ume von SCOPUS sind gesichert, um den Schutz Ihrer Daten und Dokumente durch folgende Mittel zu gew\u00e4hrleisten:<\/p>\n<ul>\n<li>Die R\u00e4umlichkeiten sind von einem Zaun umgeben und haben einen sicheren Zugang (Tor und T\u00fcr mit Schl\u00fcssel).<\/li>\n<li>Alarmsystem, das das Innere des Geb\u00e4udes sch\u00fctzt.<\/li>\n<li>Produktionsst\u00e4tten und Lagerr\u00e4ume, zu denen nur befugtes Personal Zugang hat.<\/li>\n<li>Beschr\u00e4nkter Zugang zu elektronischen Daten nur f\u00fcr autorisierte Personen.<\/li>\n<li>Die aus diesen Daten erstellten Karten oder Papierdokumente werden bis zum Versand in Tresoren aufbewahrt.<\/li>\n<li>Die erstellten Karten oder Papierdokumente werden per Kurier mit einer Trackingnummer versandt, die es erm\u00f6glicht, die Sendungen zu verfolgen.<\/li>\n<\/ul>\n\t\t\t\t\t\t\t\t<\/div>\n\t\t\t\t\t<\/div>\n\t\t<\/div>\n\t\t\t\t<div class=\"elementor-column elementor-col-50 elementor-inner-column elementor-element elementor-element-c0130a7\" data-id=\"c0130a7\" data-element_type=\"column\" data-e-type=\"column\">\n\t\t\t<div class=\"elementor-widget-wrap elementor-element-populated\">\n\t\t\t\t\t\t<div class=\"elementor-element elementor-element-94d4a0e elementor-widget elementor-widget-image\" data-id=\"94d4a0e\" data-element_type=\"widget\" data-e-type=\"widget\" data-widget_type=\"image.default\">\n\t\t\t\t\t\t\t\t\t\t\t\t\t\t\t<img decoding=\"async\" src=\"https:\/\/scopus.fr\/wp-content\/uploads\/2022\/10\/donnees-coffre-scaled.jpeg\" title=\"\" alt=\"\" loading=\"lazy\" \/>\t\t\t\t\t\t\t\t\t\t\t\t\t\t\t<\/div>\n\t\t\t\t\t<\/div>\n\t\t<\/div>\n\t\t\t\t\t<\/div>\n\t\t<\/section>\n\t\t\t\t<section class=\"elementor-section elementor-inner-section elementor-element elementor-element-8b13574 elementor-reverse-mobile elementor-section-boxed elementor-section-height-default elementor-section-height-default\" data-id=\"8b13574\" data-element_type=\"section\" data-e-type=\"section\">\n\t\t\t\t\t\t<div class=\"elementor-container elementor-column-gap-custom\">\n\t\t\t\t\t<div class=\"elementor-column elementor-col-50 elementor-inner-column elementor-element elementor-element-a3aacfc\" data-id=\"a3aacfc\" data-element_type=\"column\" data-e-type=\"column\">\n\t\t\t<div class=\"elementor-widget-wrap elementor-element-populated\">\n\t\t\t\t\t\t<div class=\"elementor-element elementor-element-03c3285 elementor-widget elementor-widget-image\" data-id=\"03c3285\" data-element_type=\"widget\" data-e-type=\"widget\" data-widget_type=\"image.default\">\n\t\t\t\t\t\t\t\t\t\t\t\t\t\t\t<img decoding=\"async\" src=\"https:\/\/scopus.fr\/wp-content\/uploads\/2022\/10\/AdobeStock_245636896-scaled.jpeg\" title=\"\" alt=\"\" loading=\"lazy\" \/>\t\t\t\t\t\t\t\t\t\t\t\t\t\t\t<\/div>\n\t\t\t\t\t<\/div>\n\t\t<\/div>\n\t\t\t\t<div class=\"elementor-column elementor-col-50 elementor-inner-column elementor-element elementor-element-a14efa0\" data-id=\"a14efa0\" data-element_type=\"column\" data-e-type=\"column\">\n\t\t\t<div class=\"elementor-widget-wrap elementor-element-populated\">\n\t\t\t\t\t\t<div class=\"elementor-element elementor-element-59bb7bf elementor-widget elementor-widget-text-editor\" data-id=\"59bb7bf\" data-element_type=\"widget\" data-e-type=\"widget\" data-widget_type=\"text-editor.default\">\n\t\t\t\t\t\t\t\t\t<p>\n<strong>Sichere Daten\u00fcbertragung<\/strong><\/p>\n<p>Die Daten werden verschl\u00fcsselt und auf sicheren Servern gespeichert.\nDaten, die nach der Verarbeitung an den Kunden zur\u00fcckgesandt werden (wenn\nScopus zus\u00e4tzliche Informationen hinzuf\u00fcgt), werden \u00fcber\nsichere Mittel \u00fcbertragen&nbsp;:\n<\/p>\n<ul>\n<li>Verschl\u00fcsselte \u00dcbertragungen f\u00fcr elektronische Sendungen.<\/li>\n<li>Verfolgte Post f\u00fcr Sendungen auf physischen Tr\u00e4gern.<\/li>\n<\/ul>\t\t\t\t\t\t\t\t<\/div>\n\t\t\t\t<div class=\"elementor-element elementor-element-bc357b8 elementor-widget elementor-widget-button\" data-id=\"bc357b8\" data-element_type=\"widget\" data-e-type=\"widget\" data-widget_type=\"button.default\">\n\t\t\t\t\t\t\t\t\t\t<a class=\"elementor-button elementor-button-link elementor-size-md\" href=\"\/wp-content\/uploads\/2022\/10\/RGPD-CHARTE-SCOPUS-2022.pdf\" target=\"_blank\">\n\t\t\t\t\t\t<span class=\"elementor-button-content-wrapper\">\n\t\t\t\t\t\t\t\t\t<span class=\"elementor-button-text\">Scopus Datenschutzcharta.<\/span>\n\t\t\t\t\t<\/span>\n\t\t\t\t\t<\/a>\n\t\t\t\t\t\t\t\t<\/div>\n\t\t\t\t<div class=\"elementor-element elementor-element-555756a elementor-widget elementor-widget-html\" data-id=\"555756a\" data-element_type=\"widget\" data-e-type=\"widget\" data-widget_type=\"html.default\">\n\t\t\t\t\t<a href=\"javascript:openAxeptioCookies()\">\n  Klicken Sie hier, um Ihre Cookie-Einstellungen zu \u00e4ndern.\n<\/a>\t\t\t\t<\/div>\n\t\t\t\t\t<\/div>\n\t\t<\/div>\n\t\t\t\t\t<\/div>\n\t\t<\/section>\n\t\t\t\t\t<\/div>\n\t\t<\/div>\n\t\t\t\t\t<\/div>\n\t\t<\/section>\n\t\t\t\t<\/div>\n\t\t","protected":false},"excerpt":{"rendered":"<p>Scopus h\u00e4lt sich an die Allgemeine Datenschutzverordnung und verpflichtet sich, die Informationen zu sch\u00fctzen, die Sie uns zur Verf\u00fcgung stellen, um gedruckte und personalisierte Dokumente zu erstellen. WIE SCH\u00dcTZEN WIR IHRE SENSIBLEN DATEN? Scopus sichert Ihre Daten physisch und elektronisch. Datenschutz in unserer Produktionsst\u00e4tte Die Produktionsr\u00e4ume von SCOPUS sind gesichert, um den Schutz Ihrer Daten [&hellip;]<\/p>\n","protected":false},"author":1,"featured_media":0,"parent":0,"menu_order":0,"comment_status":"closed","ping_status":"closed","template":"","meta":{"_acf_changed":false,"footnotes":""},"class_list":["post-17127","page","type-page","status-publish","hentry"],"acf":[],"yoast_head":"<!-- This site is optimized with the Yoast SEO plugin v27.4 - https:\/\/yoast.com\/product\/yoast-seo-wordpress\/ -->\n<title>DSGVO - SCOPUS<\/title>\n<meta name=\"description\" content=\"Scopus h\u00e4lt sich an die Allgemeine Datenschutzverordnung und verpflichtet sich, Ihre vertraulichen Informationen zu sch\u00fctzen.\" \/>\n<meta name=\"robots\" content=\"index, follow, max-snippet:-1, max-image-preview:large, max-video-preview:-1\" \/>\n<link rel=\"canonical\" href=\"https:\/\/scopus.fr\/de\/dsgvo\/\" \/>\n<meta property=\"og:locale\" content=\"de_DE\" \/>\n<meta property=\"og:type\" content=\"article\" \/>\n<meta property=\"og:title\" content=\"DSGVO - SCOPUS\" \/>\n<meta property=\"og:description\" content=\"Scopus h\u00e4lt sich an die Allgemeine Datenschutzverordnung und verpflichtet sich, Ihre vertraulichen Informationen zu sch\u00fctzen.\" \/>\n<meta property=\"og:url\" content=\"https:\/\/scopus.fr\/de\/dsgvo\/\" \/>\n<meta property=\"og:site_name\" content=\"SCOPUS\" \/>\n<meta property=\"article:modified_time\" content=\"2025-01-27T16:05:28+00:00\" \/>\n<meta name=\"twitter:card\" content=\"summary_large_image\" \/>\n<meta name=\"twitter:label1\" content=\"Gesch\u00e4tzte Lesezeit\" \/>\n\t<meta name=\"twitter:data1\" content=\"1\u00a0Minute\" \/>\n<script type=\"application\/ld+json\" class=\"yoast-schema-graph\">{\"@context\":\"https:\\\/\\\/schema.org\",\"@graph\":[{\"@type\":\"WebPage\",\"@id\":\"https:\\\/\\\/scopus.fr\\\/de\\\/dsgvo\\\/\",\"url\":\"https:\\\/\\\/scopus.fr\\\/de\\\/dsgvo\\\/\",\"name\":\"DSGVO - SCOPUS\",\"isPartOf\":{\"@id\":\"https:\\\/\\\/scopus.fr\\\/de\\\/#website\"},\"primaryImageOfPage\":{\"@id\":\"https:\\\/\\\/scopus.fr\\\/de\\\/dsgvo\\\/#primaryimage\"},\"image\":{\"@id\":\"https:\\\/\\\/scopus.fr\\\/de\\\/dsgvo\\\/#primaryimage\"},\"thumbnailUrl\":\"https:\\\/\\\/scopus.fr\\\/wp-content\\\/uploads\\\/2022\\\/10\\\/donnees-coffre-1024x768.jpeg\",\"datePublished\":\"2022-07-20T05:14:22+00:00\",\"dateModified\":\"2025-01-27T16:05:28+00:00\",\"description\":\"Scopus h\u00e4lt sich an die Allgemeine Datenschutzverordnung und verpflichtet sich, Ihre vertraulichen Informationen zu sch\u00fctzen.\",\"breadcrumb\":{\"@id\":\"https:\\\/\\\/scopus.fr\\\/de\\\/dsgvo\\\/#breadcrumb\"},\"inLanguage\":\"de\",\"potentialAction\":[{\"@type\":\"ReadAction\",\"target\":[\"https:\\\/\\\/scopus.fr\\\/de\\\/dsgvo\\\/\"]}]},{\"@type\":\"ImageObject\",\"inLanguage\":\"de\",\"@id\":\"https:\\\/\\\/scopus.fr\\\/de\\\/dsgvo\\\/#primaryimage\",\"url\":\"https:\\\/\\\/scopus.fr\\\/wp-content\\\/uploads\\\/2022\\\/10\\\/donnees-coffre-1024x768.jpeg\",\"contentUrl\":\"https:\\\/\\\/scopus.fr\\\/wp-content\\\/uploads\\\/2022\\\/10\\\/donnees-coffre-1024x768.jpeg\"},{\"@type\":\"BreadcrumbList\",\"@id\":\"https:\\\/\\\/scopus.fr\\\/de\\\/dsgvo\\\/#breadcrumb\",\"itemListElement\":[{\"@type\":\"ListItem\",\"position\":1,\"name\":\"Accueil\",\"item\":\"https:\\\/\\\/scopus.fr\\\/de\\\/\"},{\"@type\":\"ListItem\",\"position\":2,\"name\":\"DSGVO\"}]},{\"@type\":\"WebSite\",\"@id\":\"https:\\\/\\\/scopus.fr\\\/de\\\/#website\",\"url\":\"https:\\\/\\\/scopus.fr\\\/de\\\/\",\"name\":\"SCOPUS\",\"description\":\"Solutions d&#039;identifications s\u00e9curis\u00e9es\",\"publisher\":{\"@id\":\"https:\\\/\\\/scopus.fr\\\/de\\\/#organization\"},\"potentialAction\":[{\"@type\":\"SearchAction\",\"target\":{\"@type\":\"EntryPoint\",\"urlTemplate\":\"https:\\\/\\\/scopus.fr\\\/de\\\/?s={search_term_string}\"},\"query-input\":{\"@type\":\"PropertyValueSpecification\",\"valueRequired\":true,\"valueName\":\"search_term_string\"}}],\"inLanguage\":\"de\"},{\"@type\":\"Organization\",\"@id\":\"https:\\\/\\\/scopus.fr\\\/de\\\/#organization\",\"name\":\"SCOPUS\",\"url\":\"https:\\\/\\\/scopus.fr\\\/de\\\/\",\"logo\":{\"@type\":\"ImageObject\",\"inLanguage\":\"de\",\"@id\":\"https:\\\/\\\/scopus.fr\\\/de\\\/#\\\/schema\\\/logo\\\/image\\\/\",\"url\":\"https:\\\/\\\/scopus.fr\\\/wp-content\\\/uploads\\\/2022\\\/07\\\/scopus-logo.svg\",\"contentUrl\":\"https:\\\/\\\/scopus.fr\\\/wp-content\\\/uploads\\\/2022\\\/07\\\/scopus-logo.svg\",\"width\":261,\"height\":74,\"caption\":\"SCOPUS\"},\"image\":{\"@id\":\"https:\\\/\\\/scopus.fr\\\/de\\\/#\\\/schema\\\/logo\\\/image\\\/\"}}]}<\/script>\n<!-- \/ Yoast SEO plugin. -->","yoast_head_json":{"title":"DSGVO - SCOPUS","description":"Scopus h\u00e4lt sich an die Allgemeine Datenschutzverordnung und verpflichtet sich, Ihre vertraulichen Informationen zu sch\u00fctzen.","robots":{"index":"index","follow":"follow","max-snippet":"max-snippet:-1","max-image-preview":"max-image-preview:large","max-video-preview":"max-video-preview:-1"},"canonical":"https:\/\/scopus.fr\/de\/dsgvo\/","og_locale":"de_DE","og_type":"article","og_title":"DSGVO - SCOPUS","og_description":"Scopus h\u00e4lt sich an die Allgemeine Datenschutzverordnung und verpflichtet sich, Ihre vertraulichen Informationen zu sch\u00fctzen.","og_url":"https:\/\/scopus.fr\/de\/dsgvo\/","og_site_name":"SCOPUS","article_modified_time":"2025-01-27T16:05:28+00:00","twitter_card":"summary_large_image","twitter_misc":{"Gesch\u00e4tzte Lesezeit":"1\u00a0Minute"},"schema":{"@context":"https:\/\/schema.org","@graph":[{"@type":"WebPage","@id":"https:\/\/scopus.fr\/de\/dsgvo\/","url":"https:\/\/scopus.fr\/de\/dsgvo\/","name":"DSGVO - SCOPUS","isPartOf":{"@id":"https:\/\/scopus.fr\/de\/#website"},"primaryImageOfPage":{"@id":"https:\/\/scopus.fr\/de\/dsgvo\/#primaryimage"},"image":{"@id":"https:\/\/scopus.fr\/de\/dsgvo\/#primaryimage"},"thumbnailUrl":"https:\/\/scopus.fr\/wp-content\/uploads\/2022\/10\/donnees-coffre-1024x768.jpeg","datePublished":"2022-07-20T05:14:22+00:00","dateModified":"2025-01-27T16:05:28+00:00","description":"Scopus h\u00e4lt sich an die Allgemeine Datenschutzverordnung und verpflichtet sich, Ihre vertraulichen Informationen zu sch\u00fctzen.","breadcrumb":{"@id":"https:\/\/scopus.fr\/de\/dsgvo\/#breadcrumb"},"inLanguage":"de","potentialAction":[{"@type":"ReadAction","target":["https:\/\/scopus.fr\/de\/dsgvo\/"]}]},{"@type":"ImageObject","inLanguage":"de","@id":"https:\/\/scopus.fr\/de\/dsgvo\/#primaryimage","url":"https:\/\/scopus.fr\/wp-content\/uploads\/2022\/10\/donnees-coffre-1024x768.jpeg","contentUrl":"https:\/\/scopus.fr\/wp-content\/uploads\/2022\/10\/donnees-coffre-1024x768.jpeg"},{"@type":"BreadcrumbList","@id":"https:\/\/scopus.fr\/de\/dsgvo\/#breadcrumb","itemListElement":[{"@type":"ListItem","position":1,"name":"Accueil","item":"https:\/\/scopus.fr\/de\/"},{"@type":"ListItem","position":2,"name":"DSGVO"}]},{"@type":"WebSite","@id":"https:\/\/scopus.fr\/de\/#website","url":"https:\/\/scopus.fr\/de\/","name":"SCOPUS","description":"Solutions d&#039;identifications s\u00e9curis\u00e9es","publisher":{"@id":"https:\/\/scopus.fr\/de\/#organization"},"potentialAction":[{"@type":"SearchAction","target":{"@type":"EntryPoint","urlTemplate":"https:\/\/scopus.fr\/de\/?s={search_term_string}"},"query-input":{"@type":"PropertyValueSpecification","valueRequired":true,"valueName":"search_term_string"}}],"inLanguage":"de"},{"@type":"Organization","@id":"https:\/\/scopus.fr\/de\/#organization","name":"SCOPUS","url":"https:\/\/scopus.fr\/de\/","logo":{"@type":"ImageObject","inLanguage":"de","@id":"https:\/\/scopus.fr\/de\/#\/schema\/logo\/image\/","url":"https:\/\/scopus.fr\/wp-content\/uploads\/2022\/07\/scopus-logo.svg","contentUrl":"https:\/\/scopus.fr\/wp-content\/uploads\/2022\/07\/scopus-logo.svg","width":261,"height":74,"caption":"SCOPUS"},"image":{"@id":"https:\/\/scopus.fr\/de\/#\/schema\/logo\/image\/"}}]}},"_links":{"self":[{"href":"https:\/\/scopus.fr\/de\/wp-json\/wp\/v2\/pages\/17127","targetHints":{"allow":["GET"]}}],"collection":[{"href":"https:\/\/scopus.fr\/de\/wp-json\/wp\/v2\/pages"}],"about":[{"href":"https:\/\/scopus.fr\/de\/wp-json\/wp\/v2\/types\/page"}],"author":[{"embeddable":true,"href":"https:\/\/scopus.fr\/de\/wp-json\/wp\/v2\/users\/1"}],"replies":[{"embeddable":true,"href":"https:\/\/scopus.fr\/de\/wp-json\/wp\/v2\/comments?post=17127"}],"version-history":[{"count":1,"href":"https:\/\/scopus.fr\/de\/wp-json\/wp\/v2\/pages\/17127\/revisions"}],"predecessor-version":[{"id":17133,"href":"https:\/\/scopus.fr\/de\/wp-json\/wp\/v2\/pages\/17127\/revisions\/17133"}],"wp:attachment":[{"href":"https:\/\/scopus.fr\/de\/wp-json\/wp\/v2\/media?parent=17127"}],"curies":[{"name":"wp","href":"https:\/\/api.w.org\/{rel}","templated":true}]}}